{"id":514,"date":"2025-10-09T13:59:42","date_gmt":"2025-10-09T11:59:42","guid":{"rendered":"https:\/\/nxt-stay.de\/?page_id=514"},"modified":"2025-10-15T22:10:45","modified_gmt":"2025-10-15T20:10:45","slug":"impressum","status":"publish","type":"page","link":"https:\/\/nxt-stay.de\/hu\/impressum\/","title":{"rendered":"Jogi nyilatkozat"},"content":{"rendered":"<div data-elementor-type=\"wp-page\" data-elementor-id=\"514\" class=\"elementor elementor-514\">\n\t\t\t\t<div class=\"elementor-element elementor-element-3e3110a e-flex e-con-boxed e-con e-parent\" data-id=\"3e3110a\" data-element_type=\"container\">\n\t\t\t\t\t<div class=\"e-con-inner\">\n\t\t\t\t<div class=\"elementor-element elementor-element-30dd734 elementor-widget elementor-widget-spacer\" data-id=\"30dd734\" data-element_type=\"widget\" data-widget_type=\"spacer.default\">\n\t\t\t\t\t\t\t<div class=\"elementor-spacer\">\n\t\t\t<div class=\"elementor-spacer-inner\"><\/div>\n\t\t<\/div>\n\t\t\t\t\t\t<\/div>\n\t\t\t\t\t<\/div>\n\t\t\t\t<\/div>\n\t\t<div class=\"elementor-element elementor-element-ecdfbc1 e-flex e-con-boxed e-con e-parent\" data-id=\"ecdfbc1\" data-element_type=\"container\">\n\t\t\t\t\t<div class=\"e-con-inner\">\n\t\t\t\t<div class=\"elementor-element elementor-element-d960531 elementor-widget elementor-widget-text-editor\" data-id=\"d960531\" data-element_type=\"widget\" data-widget_type=\"text-editor.default\">\n\t\t\t\t\t\t\t\t\t<h4>Jogi nyilatkozat<\/h4><p>E. Visky und J. Nimis GbR<br \/>Feldkirchen 3a<br \/>84144 Geisenhausen<\/p><p><strong>Vertreten durch:<\/strong><br \/>Enik\u00f6 V. Visky und Hans J. Nimis<\/p><h5>Kapcsolat<\/h5><p>Telefon: 0152337734743<br \/>E-Mail: info@nxt-stay.de<\/p><h5>Angaben zur Betriebs\u00adhaftpflicht\u00adversicherung<\/h5><p><strong>Name und Sitz des Versicherers:<\/strong><br \/>BA die Bayerische Allgemeine Versicherung AG<br \/>Thomas-Dehler-Str. 25 <br \/>81737 M\u00fcnchen<\/p><p><strong>Geltungsraum der Versicherung:<\/strong><br \/>Deutschland<\/p><h5>Verbraucher\u00adstreit\u00adbeilegung\/Universal\u00adschlichtungs\u00adstelle<\/h5><p>Wir nehmen an einem Streitbeilegungsverfahren vor einer Verbraucherschlichtungsstelle teil. Zust\u00e4ndig ist die Universalschlichtungsstelle des Zentrums f\u00fcr Schlichtung e.V., Stra\u00dfburger Stra\u00dfe 8, 77694 Kehl am Rhein (<a href=\"https:\/\/www.verbraucher-schlichter.de\" target=\"_blank\" rel=\"noopener noreferrer\">https:\/\/www.verbraucher-schlichter.de<\/a>).<\/p><p>Quelle: <a href=\"https:\/\/www.e-recht24.de\/impressum-generator.html\">https:\/\/www.e-recht24.de\/impressum-generator.html<\/a><\/p>\t\t\t\t\t\t\t\t<\/div>\n\t\t\t\t\t<\/div>\n\t\t\t\t<\/div>\n\t\t\t\t<\/div>","protected":false},"excerpt":{"rendered":"<p>Impressum E. Visky und J. Nimis GbRFeldkirchen 3a84144 Geisenhausen Vertreten durch:Enik\u00f6 V. Visky und Hans J. Nimis Kontakt Telefon: 0152337734743E-Mail: info@nxt-stay.de Angaben zur Betriebs\u00adhaftpflicht\u00adversicherung Name und Sitz des Versicherers:BA die Bayerische Allgemeine Versicherung AGThomas-Dehler-Str. 25 81737 M\u00fcnchen Geltungsraum der Versicherung:Deutschland &hellip; <a href=\"https:\/\/nxt-stay.de\/hu\/impressum\/\">Read More<\/a><\/p>","protected":false},"author":2,"featured_media":0,"parent":0,"menu_order":0,"comment_status":"closed","ping_status":"closed","template":"","meta":{"footnotes":""},"class_list":["post-514","page","type-page","status-publish","hentry"],"_links":{"self":[{"href":"https:\/\/nxt-stay.de\/hu\/wp-json\/wp\/v2\/pages\/514","targetHints":{"allow":["GET"]}}],"collection":[{"href":"https:\/\/nxt-stay.de\/hu\/wp-json\/wp\/v2\/pages"}],"about":[{"href":"https:\/\/nxt-stay.de\/hu\/wp-json\/wp\/v2\/types\/page"}],"author":[{"embeddable":true,"href":"https:\/\/nxt-stay.de\/hu\/wp-json\/wp\/v2\/users\/2"}],"replies":[{"embeddable":true,"href":"https:\/\/nxt-stay.de\/hu\/wp-json\/wp\/v2\/comments?post=514"}],"version-history":[{"count":10,"href":"https:\/\/nxt-stay.de\/hu\/wp-json\/wp\/v2\/pages\/514\/revisions"}],"predecessor-version":[{"id":580,"href":"https:\/\/nxt-stay.de\/hu\/wp-json\/wp\/v2\/pages\/514\/revisions\/580"}],"wp:attachment":[{"href":"https:\/\/nxt-stay.de\/hu\/wp-json\/wp\/v2\/media?parent=514"}],"curies":[{"name":"wp","href":"https:\/\/api.w.org\/{rel}","templated":true}]}}