{"id":37,"date":"2022-02-17T14:27:30","date_gmt":"2022-02-17T22:27:30","guid":{"rendered":"https:\/\/import.bellevuetheme.com\/countryside2\/?page_id=3581"},"modified":"2025-10-16T16:36:26","modified_gmt":"2025-10-16T14:36:26","slug":"warum-wir","status":"publish","type":"page","link":"https:\/\/nxt-stay.de\/hu\/pages\/warum-wir\/","title":{"rendered":"Mi\u00e9rt v\u00e1lasszon minket?"},"content":{"rendered":"<div data-elementor-type=\"wp-page\" data-elementor-id=\"37\" class=\"elementor elementor-37\">\n\t\t\t\t<div class=\"elementor-element elementor-element-9305cc0 e-flex e-con-boxed e-con e-parent\" data-id=\"9305cc0\" data-element_type=\"container\">\n\t\t\t\t\t<div class=\"e-con-inner\">\n\t\t\t\t<div class=\"elementor-element elementor-element-dc57b83 elementor-widget elementor-widget-spacer\" data-id=\"dc57b83\" data-element_type=\"widget\" data-widget_type=\"spacer.default\">\n\t\t\t\t\t\t\t<div class=\"elementor-spacer\">\n\t\t\t<div class=\"elementor-spacer-inner\"><\/div>\n\t\t<\/div>\n\t\t\t\t\t\t<\/div>\n\t\t\t\t\t<\/div>\n\t\t\t\t<\/div>\n\t\t\t\t<section class=\"elementor-section elementor-top-section elementor-element elementor-element-1ddbfdb5 elementor-section-full_width elementor-section-height-default elementor-section-height-default\" data-id=\"1ddbfdb5\" data-element_type=\"section\">\n\t\t\t\t\t\t<div class=\"elementor-container elementor-column-gap-default\">\n\t\t\t\t\t<div class=\"elementor-column elementor-col-50 elementor-top-column elementor-element elementor-element-2a2cd8d8\" data-id=\"2a2cd8d8\" data-element_type=\"column\" data-settings=\"{&quot;background_background&quot;:&quot;classic&quot;}\">\n\t\t\t<div class=\"elementor-widget-wrap elementor-element-populated\">\n\t\t\t\t\t\t<section class=\"elementor-section elementor-inner-section elementor-element elementor-element-793e1ab4 thmv-inner-container thmv-inner-right elementor-section-boxed elementor-section-height-default elementor-section-height-default\" data-id=\"793e1ab4\" data-element_type=\"section\">\n\t\t\t\t\t\t<div class=\"elementor-container elementor-column-gap-no\">\n\t\t\t\t\t<div class=\"elementor-column elementor-col-100 elementor-inner-column elementor-element elementor-element-b529bf6 thmv-flex-right\" data-id=\"b529bf6\" data-element_type=\"column\">\n\t\t\t<div class=\"elementor-widget-wrap elementor-element-populated\">\n\t\t\t\t\t\t<div class=\"elementor-element elementor-element-4bd9153c elementor-view-default elementor-widget elementor-widget-themo-header\" data-id=\"4bd9153c\" data-element_type=\"widget\" data-widget_type=\"themo-header.default\">\n\t\t\t\t<div class=\"elementor-widget-container\">\n\t\t\t\t\t\t\t<div class=\"th-header-wrap\">\n        <div class=\"elementor-icon-box-wrapper\">\n                            <div class=\"elementor-icon-box-content\">\n                    <h1 class=\"elementor-icon-box-title\">\n                        Mi\u00e9rt v\u00e1lasszon minket?                    <\/h1>\n                                        <p class=\"elementor-icon-box-description\">A \u201eNext Stay\u201d t\u00f6bb \u00e9vnyi tapasztalattal rendelkezik az ingatlanok r\u00f6vid t\u00e1v\u00fa b\u00e9rbead\u00e1s\u00e1ban. Ak\u00e1r vend\u00e9gk\u00e9nt, ak\u00e1r partnerk\u00e9nt vesz r\u00e9szt a r\u00f6vid t\u00e1v\u00fa b\u00e9rbead\u00e1sban, mi arra \u00f6sszpontos\u00edtunk, hogy \u00d6n el\u00e9gedett legyen.<\/p>\n\n                                            <div class=\"th-btn-wrap\">\n                                                            <a class=\"btn-1 btn th-btn btn-ghost-light\" href=\"#book\">\n                                                                            Kapcsolat                                                                    <\/a>\n                            \n                                                    <\/div>\n                                    <\/div>\n            <\/div>\n\n        <\/div>\n\n\t\t\t\t\t\t<\/div>\n\t\t\t\t<\/div>\n\t\t\t\t\t<\/div>\n\t\t<\/div>\n\t\t\t\t\t<\/div>\n\t\t<\/section>\n\t\t\t\t\t<\/div>\n\t\t<\/div>\n\t\t\t\t<div class=\"elementor-column elementor-col-50 elementor-top-column elementor-element elementor-element-3c00666c\" data-id=\"3c00666c\" data-element_type=\"column\" data-settings=\"{&quot;background_background&quot;:&quot;classic&quot;}\">\n\t\t\t<div class=\"elementor-widget-wrap elementor-element-populated\">\n\t\t\t\t\t\t\t<\/div>\n\t\t<\/div>\n\t\t\t\t\t<\/div>\n\t\t<\/section>\n\t\t\t\t<section class=\"elementor-section elementor-top-section elementor-element elementor-element-d7a58e2 elementor-section-boxed elementor-section-height-default elementor-section-height-default\" data-id=\"d7a58e2\" data-element_type=\"section\">\n\t\t\t\t\t\t<div class=\"elementor-container elementor-column-gap-default\">\n\t\t\t\t\t<div class=\"elementor-column elementor-col-100 elementor-top-column elementor-element elementor-element-ef6d3f4\" data-id=\"ef6d3f4\" data-element_type=\"column\">\n\t\t\t<div class=\"elementor-widget-wrap elementor-element-populated\">\n\t\t\t\t\t\t<div class=\"elementor-element elementor-element-f2703f8 elementor-widget elementor-widget-heading\" data-id=\"f2703f8\" data-element_type=\"widget\" data-widget_type=\"heading.default\">\n\t\t\t\t\t<h5 class=\"elementor-heading-title elementor-size-default\">Mi\u00e9rt v\u00e1lasszon minket?<\/h5>\t\t\t\t<\/div>\n\t\t\t\t<div class=\"elementor-element elementor-element-a9aacba elementor-widget elementor-widget-text-editor\" data-id=\"a9aacba\" data-element_type=\"widget\" data-widget_type=\"text-editor.default\">\n\t\t\t\t\t\t\t\t\t<p>A <strong data-start=\"188\" data-end=\"203\">\u201eNext Stay\u201c<\/strong> t\u00f6bb \u00e9ves tapasztalattal rendelkezik az <strong data-start=\"249\" data-end=\"286\">ingatlanok r\u00f6vidt\u00e1v\u00fa b\u00e9rbead\u00e1sa<\/strong>ter\u00fclet\u00e9n. C\u00e9lunk: \u00d6n el\u00e9gedett legyen ak\u00e1r, <strong data-start=\"300\" data-end=\"308\">vend\u00e9gk\u00e9nt<\/strong> ak\u00e1r, <strong data-start=\"318\" data-end=\"329\">partnerk\u00e9nt<\/strong> l\u00e9p vel\u00fcnk kapcsolatba.<\/p>\t\t\t\t\t\t\t\t<\/div>\n\t\t\t\t<div class=\"elementor-element elementor-element-bb4154a elementor-widget elementor-widget-text-editor\" data-id=\"bb4154a\" data-element_type=\"widget\" data-widget_type=\"text-editor.default\">\n\t\t\t\t\t\t\t\t\t<h6 data-start=\"388\" data-end=\"409\"><strong>Vend\u00e9geink sz\u00e1m\u00e1ra:<\/strong><\/h6><p data-start=\"411\" data-end=\"573\">Sz\u00e1ll\u00e1shelyeink teljesen felszerelt, modern \u00e9s tiszta apartmanok, ahol a k\u00e9nyelem \u00e9s a higi\u00e9nia els\u0151dleges szempont. Minden lak\u00e1sunk \u00fagy lett kialak\u00edtva, hogy vend\u00e9geink val\u00f3ban otthon \u00e9rezhess\u00e9k magukat \u2013 k\u00e9nyelmes berendez\u00e9ssel, gondosan tiszt\u00e1n tartott k\u00f6rnyezettel \u00e9s mindennel, ami a nyugodt pihen\u00e9shez sz\u00fcks\u00e9ges. N\u00e1lunk a rugalmass\u00e1g \u00e9s a komfort k\u00e9z a k\u00e9zben j\u00e1r: vend\u00e9geink saj\u00e1t ig\u00e9nyeik szerint alak\u00edthatj\u00e1k pihen\u00e9s\u00fcket, mi pedig biztos\u00edtjuk hozz\u00e1 a t\u00f6k\u00e9letes felt\u00e9teleket.<\/p><ul data-start=\"574\" data-end=\"831\"><li data-start=\"574\" data-end=\"644\"><p data-start=\"576\" data-end=\"644\"><strong data-start=\"576\" data-end=\"607\">Geisenhausen (N\u00e9metorsz\u00e1g):<\/strong> k\u00f6zponti nyaral\u00f3 a telep\u00fcl\u00e9s k\u00f6zpontj\u00e1ban<\/p><\/li><li data-start=\"645\" data-end=\"732\"><p data-start=\"647\" data-end=\"732\"><strong data-start=\"647\" data-end=\"671\">Tiszaf\u00fcred (Magyarorsz\u00e1g):<\/strong> Nyaral\u00f3 a Tisza-t\u00f3 partj\u00e1n, ide\u00e1lis ker\u00e9kp\u00e1ros \u00e9s cs\u00f3nak\u00e1z\u00f3s t\u00far\u00e1khoz<\/p><\/li><li data-start=\"733\" data-end=\"831\"><p data-start=\"735\" data-end=\"831\"><strong data-start=\"735\" data-end=\"763\">Lenti (Magyarorsz\u00e1g, 2026-t\u00f3l):<\/strong> elszigetelt nyaral\u00f3 egy sz\u0151l\u0151\u00fcltetv\u00e9nyen, t\u00f6k\u00e9letes a teljes elvonul\u00e1sra, pihen\u00e9sre<\/p><\/li><\/ul><p data-start=\"833\" data-end=\"971\">K\u00edn\u00e1latunkat <strong data-start=\"870\" data-end=\"891\">folyamatosan b\u0151v\u00fcl<\/strong>, hogy a j\u00f6v\u0151ben m\u00e9g t\u00f6bb lehet\u0151s\u00e9ggel \u00e9s \u00e9lm\u00e9nnyel tegy\u00fck felejthetetlenn\u00e9 az \u00d6n tart\u00f3zkod\u00e1s\u00e1t.<\/p>\t\t\t\t\t\t\t\t<\/div>\n\t\t\t\t<div class=\"elementor-element elementor-element-a425b02 elementor-widget elementor-widget-text-editor\" data-id=\"a425b02\" data-element_type=\"widget\" data-widget_type=\"text-editor.default\">\n\t\t\t\t\t\t\t\t\t<h6 data-start=\"978\" data-end=\"1005\"><strong>Ingatlantulajdonosok sz\u00e1m\u00e1ra<\/strong><\/h6><p data-start=\"1007\" data-end=\"1236\">Mi nem csak vend\u00e9gl\u00e1t\u00f3k vagyunk, hanem <strong data-start=\"1050\" data-end=\"1073\">megb\u00edzhat\u00f3 b\u00e9rl\u0151k is<\/strong>\u00dczleti modell\u00fcnk alapja, hogy lak\u00e1sokat, h\u00e1zakat hossz\u00fa t\u00e1vra b\u00e9rel\u00fcnk, \u00e9s azokat professzion\u00e1lisan \u00fczemeltetj\u00fck r\u00f6vid t\u00e1v\u00fa b\u00e9rbead\u00e1s c\u00e9lj\u00e1b\u00f3l.<\/p><p data-start=\"1238\" data-end=\"1389\">\u00cdgy a tulajdonosok <strong data-start=\"1268\" data-end=\"1330\">el\u0151re tervezhet\u0151 bev\u00e9telekb\u0151l, professzion\u00e1lis szerz\u0151d\u00e9ses partnerb\u0151l<\/strong> \u00e9s abb\u00f3l a biztons\u00e1gb\u00f3l profit\u00e1lnak, hogy ingatlanjuk gondozott marad.<\/p><p data-start=\"1391\" data-end=\"1474\">\ud83d\udc49 <strong data-start=\"1394\" data-end=\"1406\">Megjegyz\u00e9s:<\/strong> Tov\u00e1bbi r\u00e9szleteket a oldalon tal\u00e1l \u2013 <a class=\"decorated-link\" href=\"http:\/\/nxt-stay.de\/hu\/partner-werden\/\" rel=\"noopener\" data-start=\"1452\" data-end=\"1471\"><span style=\"text-decoration: underline;\">Legyen a partner\u00fcnk<\/span>.<\/a><\/p>\t\t\t\t\t\t\t\t<\/div>\n\t\t\t\t<div class=\"elementor-element elementor-element-07ee64a elementor-widget elementor-widget-text-editor\" data-id=\"07ee64a\" data-element_type=\"widget\" data-widget_type=\"text-editor.default\">\n\t\t\t\t\t\t\t\t\t<h6><img decoding=\"async\" class=\"emoji\" role=\"img\" draggable=\"false\" src=\"https:\/\/s.w.org\/images\/core\/emoji\/16.0.1\/svg\/2728.svg\" alt=\"\u2728\" \/> <strong data-start=\"1483\" data-end=\"1493\">K\u00f6vetkeztet\u00e9s:<\/strong><\/h6><p>Ak\u00e1r vend\u00e9gk\u00e9nt sz\u00e1ll\u00e1st keres utaz\u00e1s\u00e1hoz, ak\u00e1r ingatlantulajdonosk\u00e9nt megb\u00edzhat\u00f3 szerz\u0151d\u0151 felet keres, a <strong data-start=\"1620\" data-end=\"1633\">Next Stay<\/strong> -n\u00e9l j\u00f3 helyen j\u00e1r.<\/p>\t\t\t\t\t\t\t\t<\/div>\n\t\t\t\t\t<\/div>\n\t\t<\/div>\n\t\t\t\t\t<\/div>\n\t\t<\/section>\n\t\t\t\t<section class=\"elementor-section elementor-top-section elementor-element elementor-element-bd823da elementor-section-boxed elementor-section-height-default elementor-section-height-default\" data-id=\"bd823da\" data-element_type=\"section\">\n\t\t\t\t\t\t<div class=\"elementor-container elementor-column-gap-default\">\n\t\t\t\t\t<div class=\"elementor-column elementor-col-100 elementor-top-column elementor-element elementor-element-e6f0cde\" data-id=\"e6f0cde\" data-element_type=\"column\">\n\t\t\t<div class=\"elementor-widget-wrap elementor-element-populated\">\n\t\t\t\t\t\t<div class=\"elementor-element elementor-element-9059530 elementor-widget elementor-widget-themo-image-gallery\" data-id=\"9059530\" data-element_type=\"widget\" data-widget_type=\"themo-image-gallery.default\">\n\t\t\t\t<div class=\"elementor-widget-container\">\n\t\t\t\t\t\t\t<div class=\"elementor-image-gallery\">\n\t\t\t<div class=\"gallery gallery-37-1\"><div class=\"row gallery-row\"><div class=\"col-sm-4 col-lg-4\"><a data-toggle=\"lightbox\" data-gallery=\"multiimages\" data-title=\"\"  class=\"thumbnail img-thumbnail\" href='https:\/\/nxt-stay.de\/wp-content\/uploads\/2025\/07\/6.jpg'><img fetchpriority=\"high\" decoding=\"async\" width=\"605\" height=\"605\" src=\"https:\/\/nxt-stay.de\/wp-content\/uploads\/2025\/07\/6-605x605.jpg\" class=\"attachment-th_img_md_square size-th_img_md_square\" alt=\"\" srcset=\"https:\/\/nxt-stay.de\/wp-content\/uploads\/2025\/07\/6-605x605.jpg 605w, https:\/\/nxt-stay.de\/wp-content\/uploads\/2025\/07\/6-150x150.jpg 150w, https:\/\/nxt-stay.de\/wp-content\/uploads\/2025\/07\/6-394x394.jpg 394w\" sizes=\"(max-width: 605px) 100vw, 605px\" \/><\/a><div class=\"gallery-text\"><div class=\"image-title\">Kert<\/div><div class=\"caption\">Geisenhausen<\/div><\/div><\/div><div class=\"col-sm-4 col-lg-4\"><a data-toggle=\"lightbox\" data-gallery=\"multiimages\" data-title=\"\"  class=\"thumbnail img-thumbnail\" href='https:\/\/nxt-stay.de\/wp-content\/uploads\/2025\/10\/Tiszafuered-view-768.png'><img decoding=\"async\" width=\"605\" height=\"605\" src=\"https:\/\/nxt-stay.de\/wp-content\/uploads\/2025\/10\/Tiszafuered-view-768-605x605.png\" class=\"attachment-th_img_md_square size-th_img_md_square\" alt=\"\" srcset=\"https:\/\/nxt-stay.de\/wp-content\/uploads\/2025\/10\/Tiszafuered-view-768-605x605.png 605w, https:\/\/nxt-stay.de\/wp-content\/uploads\/2025\/10\/Tiszafuered-view-768-150x150.png 150w, https:\/\/nxt-stay.de\/wp-content\/uploads\/2025\/10\/Tiszafuered-view-768-394x394.png 394w\" sizes=\"(max-width: 605px) 100vw, 605px\" \/><\/a><div class=\"gallery-text\"><div class=\"image-title\">Tiszaf\u00fcred-view-768<\/div><div class=\"caption\">Tiszaf\u00fcred<\/div><\/div><\/div><div class=\"col-sm-4 col-lg-4\"><a data-toggle=\"lightbox\" data-gallery=\"multiimages\" data-title=\"\"  class=\"thumbnail img-thumbnail\" href='https:\/\/nxt-stay.de\/wp-content\/uploads\/2025\/10\/Lenti-view-768.jpg'><img decoding=\"async\" width=\"605\" height=\"605\" src=\"https:\/\/nxt-stay.de\/wp-content\/uploads\/2025\/10\/Lenti-view-768-605x605.jpg\" class=\"attachment-th_img_md_square size-th_img_md_square\" alt=\"\" srcset=\"https:\/\/nxt-stay.de\/wp-content\/uploads\/2025\/10\/Lenti-view-768-605x605.jpg 605w, https:\/\/nxt-stay.de\/wp-content\/uploads\/2025\/10\/Lenti-view-768-150x150.jpg 150w, https:\/\/nxt-stay.de\/wp-content\/uploads\/2025\/10\/Lenti-view-768-394x394.jpg 394w\" sizes=\"(max-width: 605px) 100vw, 605px\" \/><\/a><div class=\"gallery-text\"><div class=\"image-title\">Lenti-view-768<\/div><div class=\"caption\">Lenti<\/div><\/div><\/div><\/div><\/div>\t\t<\/div>\n\t\t\t\t\t\t<\/div>\n\t\t\t\t<\/div>\n\t\t<div class=\"elementor-element elementor-element-1d2d2e2 e-grid e-con-boxed e-con e-parent\" data-id=\"1d2d2e2\" data-element_type=\"container\">\n\t\t\t\t\t<div class=\"e-con-inner\">\n\t\t\t\t<div class=\"elementor-element elementor-element-1b9c7fb elementor-widget elementor-widget-text-editor\" data-id=\"1b9c7fb\" data-element_type=\"widget\" data-widget_type=\"text-editor.default\">\n\t\t\t\t\t\t\t\t\t<p style=\"text-align: center;\">Geisenhausen<\/p>\t\t\t\t\t\t\t\t<\/div>\n\t\t\t\t<div class=\"elementor-element elementor-element-b7c565e elementor-widget elementor-widget-text-editor\" data-id=\"b7c565e\" data-element_type=\"widget\" data-widget_type=\"text-editor.default\">\n\t\t\t\t\t\t\t\t\t<p style=\"text-align: center;\">Tiszaf\u00fcred<\/p>\t\t\t\t\t\t\t\t<\/div>\n\t\t\t\t<div class=\"elementor-element elementor-element-7112f3d elementor-widget elementor-widget-text-editor\" data-id=\"7112f3d\" data-element_type=\"widget\" data-widget_type=\"text-editor.default\">\n\t\t\t\t\t\t\t\t\t<p style=\"text-align: center;\">Lenti<\/p>\t\t\t\t\t\t\t\t<\/div>\n\t\t\t\t\t<\/div>\n\t\t\t\t<\/div>\n\t\t\t\t\t<\/div>\n\t\t<\/div>\n\t\t\t\t\t<\/div>\n\t\t<\/section>\n\t\t\t\t<section class=\"elementor-section elementor-top-section elementor-element elementor-element-848fd99 elementor-section-boxed elementor-section-height-default elementor-section-height-default\" data-id=\"848fd99\" data-element_type=\"section\">\n\t\t\t\t\t\t<div class=\"elementor-container elementor-column-gap-default\">\n\t\t\t\t\t<div class=\"elementor-column elementor-col-100 elementor-top-column elementor-element elementor-element-879b4aa\" data-id=\"879b4aa\" data-element_type=\"column\">\n\t\t\t<div class=\"elementor-widget-wrap\">\n\t\t\t\t\t\t\t<\/div>\n\t\t<\/div>\n\t\t\t\t\t<\/div>\n\t\t<\/section>\n\t\t\t\t<\/div>","protected":false},"excerpt":{"rendered":"<p>Warum wir Unter &#8222;Next Stay&#8220; versammeln sich etliche Jahre Erfahrung, was die Kurzzeit-Vermietung von Immobilien betrifft. Egal ob als Gast oder Partner in der Kurzzeitvermittlung &#8211; wir legen unseren Fokus darauf, dass Sie zufrieden sind. Kontakt Warum wir Unter \u201eNext &hellip; <a href=\"https:\/\/nxt-stay.de\/hu\/pages\/warum-wir\/\">Read More<\/a><\/p>","protected":false},"author":2,"featured_media":0,"parent":52,"menu_order":0,"comment_status":"closed","ping_status":"closed","template":"","meta":{"footnotes":""},"class_list":["post-37","page","type-page","status-publish","hentry"],"_links":{"self":[{"href":"https:\/\/nxt-stay.de\/hu\/wp-json\/wp\/v2\/pages\/37","targetHints":{"allow":["GET"]}}],"collection":[{"href":"https:\/\/nxt-stay.de\/hu\/wp-json\/wp\/v2\/pages"}],"about":[{"href":"https:\/\/nxt-stay.de\/hu\/wp-json\/wp\/v2\/types\/page"}],"author":[{"embeddable":true,"href":"https:\/\/nxt-stay.de\/hu\/wp-json\/wp\/v2\/users\/2"}],"replies":[{"embeddable":true,"href":"https:\/\/nxt-stay.de\/hu\/wp-json\/wp\/v2\/comments?post=37"}],"version-history":[{"count":41,"href":"https:\/\/nxt-stay.de\/hu\/wp-json\/wp\/v2\/pages\/37\/revisions"}],"predecessor-version":[{"id":635,"href":"https:\/\/nxt-stay.de\/hu\/wp-json\/wp\/v2\/pages\/37\/revisions\/635"}],"up":[{"embeddable":true,"href":"https:\/\/nxt-stay.de\/hu\/wp-json\/wp\/v2\/pages\/52"}],"wp:attachment":[{"href":"https:\/\/nxt-stay.de\/hu\/wp-json\/wp\/v2\/media?parent=37"}],"curies":[{"name":"wp","href":"https:\/\/api.w.org\/{rel}","templated":true}]}}