{"id":349,"date":"2025-09-30T07:40:02","date_gmt":"2025-09-30T05:40:02","guid":{"rendered":"http:\/\/nxt-stay.de\/?page_id=349"},"modified":"2025-09-30T18:18:01","modified_gmt":"2025-09-30T16:18:01","slug":"partner-werden","status":"publish","type":"page","link":"https:\/\/nxt-stay.de\/hu\/partner-werden\/","title":{"rendered":"Legyen a partner\u00fcnk"},"content":{"rendered":"<div data-elementor-type=\"wp-page\" data-elementor-id=\"349\" class=\"elementor elementor-349\">\n\t\t\t\t<div class=\"elementor-element elementor-element-cd5afbc e-flex e-con-boxed e-con e-parent\" data-id=\"cd5afbc\" data-element_type=\"container\">\n\t\t\t\t\t<div class=\"e-con-inner\">\n\t\t\t\t<div class=\"elementor-element elementor-element-768aa4b elementor-widget elementor-widget-spacer\" data-id=\"768aa4b\" data-element_type=\"widget\" data-widget_type=\"spacer.default\">\n\t\t\t\t\t\t\t<div class=\"elementor-spacer\">\n\t\t\t<div class=\"elementor-spacer-inner\"><\/div>\n\t\t<\/div>\n\t\t\t\t\t\t<\/div>\n\t\t\t\t<div class=\"elementor-element elementor-element-62cac91 elementor-widget elementor-widget-text-editor\" data-id=\"62cac91\" data-element_type=\"widget\" data-widget_type=\"text-editor.default\">\n\t\t\t\t\t\t\t\t\t<h6 data-start=\"288\" data-end=\"342\"><strong data-start=\"288\" data-end=\"340\">Keres\u00fcnk ingatlantulajdonosokat, akikkel egyenrang\u00fa partnerk\u00e9nt egy\u00fcttm\u0171k\u00f6dhet\u00fcnk a r\u00f6vid t\u00e1v\u00fa b\u00e9rbead\u00e1s ter\u00fclet\u00e9n.<\/strong><\/h6><p data-start=\"344\" data-end=\"673\">\u00dczleti modell\u00fcnk alapja, hogy lak\u00e1sokat\/h\u00e1zakat \u00e9s kereskedelmi ingatlanokat hossz\u00fa t\u00e1vra b\u00e9rel\u00fcnk, majd azokat professzion\u00e1lisan \u00fczemeltetj\u00fck r\u00f6vid t\u00e1v\u00fa b\u00e9rbead\u00e1s c\u00e9lj\u00e1b\u00f3l. Ehhez folyamatosan keres\u00fcnk megfelel\u0151 ingatlanokat \u2013 a klasszikus lak\u00e1sokt\u00f3l az eg\u00e9sz h\u00e1zakon \u00e1t az irodater\u00fcletekig, \u00fcgyv\u00e9di irod\u00e1kig vagy orvosi rendel\u0151kig.<\/p><p data-start=\"675\" data-end=\"926\">A tulajdonosok sz\u00e1m\u00e1ra ez a modell a k\u00f6vetkez\u0151ket jelenti: <strong data-start=\"714\" data-end=\"809\">megb\u00edzhat\u00f3 b\u00e9rleti j\u00f6vedelem, nincs \u00fcresed\u00e9si kock\u00e1zat \u00e9s professzion\u00e1lis szerz\u0151d\u0151 f\u00e9l<\/strong>. Ugyanakkor gondoskodunk arr\u00f3l, hogy az ingatlanok karbantartva \u00e9s reprezentat\u00edv \u00e1llapotban maradjanak.<\/p>\t\t\t\t\t\t\t\t<\/div>\n\t\t\t\t\t<\/div>\n\t\t\t\t<\/div>\n\t\t<div class=\"elementor-element elementor-element-a60b1fd e-flex e-con-boxed e-con e-parent\" data-id=\"a60b1fd\" data-element_type=\"container\">\n\t\t\t\t\t<div class=\"e-con-inner\">\n\t\t\t\t<div class=\"elementor-element elementor-element-789aa79 elementor-widget elementor-widget-text-editor\" data-id=\"789aa79\" data-element_type=\"widget\" data-widget_type=\"text-editor.default\">\n\t\t\t\t\t\t\t\t\t<h6 data-start=\"321\" data-end=\"388\">El\u0151ny\u00f6k a tulajdonosok sz\u00e1m\u00e1ra, ha c\u00e9g\u00fcnknek adnak b\u00e9rbe ingatlanjaikat<\/h6><ol data-start=\"390\" data-end=\"1561\"><li data-start=\"390\" data-end=\"635\"><p data-start=\"393\" data-end=\"426\"><strong data-start=\"393\" data-end=\"424\">Biztos, tervezhet\u0151 bev\u00e9telek<\/strong><\/p><ul data-start=\"430\" data-end=\"635\"><li data-start=\"430\" data-end=\"491\"><p data-start=\"432\" data-end=\"491\">\u00d6n hossz\u00fa t\u00e1v\u00fa b\u00e9rleti szerz\u0151d\u00e9st k\u00f6t vel\u00fcnk.<\/p><\/li><li data-start=\"495\" data-end=\"597\"><p data-start=\"497\" data-end=\"597\">A nyaral\u00f3 kihaszn\u00e1lts\u00e1g\u00e1t\u00f3l f\u00fcggetlen\u00fcl b\u00e9rleti d\u00edj\u00e1t megb\u00edzhat\u00f3an \u00e9s pontosan megkapja.<\/p><\/li><li data-start=\"601\" data-end=\"635\"><p data-start=\"603\" data-end=\"635\">Nincs \u00fcresed\u00e9si kock\u00e1zat az \u00d6n sz\u00e1m\u00e1ra.<\/p><\/li><\/ul><\/li><li data-start=\"637\" data-end=\"883\"><p data-start=\"640\" data-end=\"687\"><strong data-start=\"640\" data-end=\"685\">Professzion\u00e1lis b\u00e9rl\u0151 mag\u00e1nszem\u00e9ly helyett<\/strong><\/p><ul data-start=\"691\" data-end=\"883\"><li data-start=\"691\" data-end=\"781\"><p data-start=\"693\" data-end=\"781\">Szerz\u0151d\u00e9ses partnere egy j\u00f3l bev\u00e1lt v\u00e1llalkoz\u00e1s, nem pedig v\u00e1ltoz\u00f3 mag\u00e1nb\u00e9rl\u0151.<\/p><\/li><li data-start=\"785\" data-end=\"883\"><p data-start=\"787\" data-end=\"883\">P\u00e9nz\u00fcgyileg stabil helyzetben vagyunk, \u00e9s hossz\u00fa t\u00e1v\u00fa egy\u00fcttm\u0171k\u00f6d\u00e9sben vagyunk \u00e9rdekeltek.<\/p><\/li><\/ul><\/li><li data-start=\"885\" data-end=\"1132\"><p data-start=\"888\" data-end=\"918\"><strong data-start=\"888\" data-end=\"916\">Az ingatlan \u00e9rt\u00e9k\u00e9nek meg\u0151rz\u00e9se<\/strong><\/p><ul data-start=\"922\" data-end=\"1132\"><li data-start=\"922\" data-end=\"1022\"><p data-start=\"924\" data-end=\"1022\">Gondoskodunk a lak\u00e1s \u00e1polt \u00e9s min\u0151s\u00e9gi \u00e1llapot\u00e1r\u00f3l, mivel  minden  \u00fcd\u00fcl\u0151 vend\u00e9gnek  ugyanazt a megfelel\u0151 reprezentat\u00edv felt\u00e9telt kell biztos\u00edtanunk.<\/p><\/li><li data-start=\"1026\" data-end=\"1132\"><p data-start=\"1028\" data-end=\"1132\">Csapatunk \u00e1ltal v\u00e9gzett rendszeres takar\u00edt\u00e1s, karbantart\u00e1s \u00e9s ellen\u0151rz\u00e9sek m\u0171k\u00f6d\u00e9si koncepci\u00f3nk r\u00e9sz\u00e9t k\u00e9pezik.<\/p><\/li><\/ul><\/li><li data-start=\"1134\" data-end=\"1354\"><p data-start=\"1137\" data-end=\"1176\"><strong data-start=\"1137\" data-end=\"1174\">Az adminisztrat\u00edv terhek cs\u00f6kkent\u00e9se<\/strong><\/p><ul data-start=\"1180\" data-end=\"1354\"><li data-start=\"1180\" data-end=\"1282\"><p data-start=\"1182\" data-end=\"1282\">Nem kell foglalkoznia b\u00e9rl\u0151k keres\u00e9s\u00e9vel, hirdet\u00e9sekkel, b\u00e9rleti szerz\u0151d\u00e9sekkel vagy elsz\u00e1mol\u00e1s\u00e1val.<\/p><\/li><li data-start=\"1286\" data-end=\"1354\"><p data-start=\"1288\" data-end=\"1354\">Nincs b\u00e9rl\u0151i t\u00e1rgyal\u00e1s, nincs konfliktus, nincs adminisztrat\u00edv munka.<\/p><\/li><\/ul><\/li><li data-start=\"1356\" data-end=\"1561\"><p data-start=\"1359\" data-end=\"1377\"><strong data-start=\"1359\" data-end=\"1375\">Rugalmass\u00e1g<\/strong><\/p><ul data-start=\"1381\" data-end=\"1561\"><li data-start=\"1381\" data-end=\"1561\"><p data-start=\"1383\" data-end=\"1561\">A klasszikus b\u00e9rbead\u00e1ssal \u00f6sszehasonl\u00edtva a szerz\u0151d\u00e9s lej\u00e1rt\u00e1val t\u00f6bb lehet\u0151s\u00e9g k\u00f6z\u00fcl v\u00e1laszthat: meghosszabb\u00edt\u00e1s, saj\u00e1t haszn\u00e1lat vagy elad\u00e1s \u2013 minden lehet\u0151s\u00e9g nyitott marad.<\/p><\/li><\/ul><\/li><\/ol>\t\t\t\t\t\t\t\t<\/div>\n\t\t\t\t\t<\/div>\n\t\t\t\t<\/div>\n\t\t<div class=\"elementor-element elementor-element-9dc41ea e-flex e-con-boxed e-con e-parent\" data-id=\"9dc41ea\" data-element_type=\"container\">\n\t\t\t\t\t<div class=\"e-con-inner\">\n\t\t\t\t<div class=\"elementor-element elementor-element-2eef325 elementor-widget elementor-widget-text-editor\" data-id=\"2eef325\" data-element_type=\"widget\" data-widget_type=\"text-editor.default\">\n\t\t\t\t\t\t\t\t\t<h6>A klasszikus hossz\u00fa t\u00e1v\u00fa b\u00e9rbead\u00e1s tipikus probl\u00e9m\u00e1i \u2013 amelyek n\u00e1lunk nem mer\u00fclnek fel<\/h6><table style=\"width: 100%; border-collapse: collapse; margin-bottom: 20px;\"><thead><tr style=\"background-color: #f4f4f4; border: 1px solid #ddd;\"><th style=\"padding: 12px; text-align: left; border: 1px solid #ddd;\">A klasszikus hossz\u00fa t\u00e1v\u00fa b\u00e9rbead\u00e1s probl\u00e9m\u00e1ja<\/th><th style=\"padding: 12px; text-align: left; border: 1px solid #ddd;\">El\u0151nyei, ha vel\u00fcnk szerz\u0151dik<\/th><\/tr><\/thead><tbody><tr style=\"border: 1px solid #ddd;\"><td style=\"padding: 12px;\">B\u00e9rleti d\u00edj kies\u00e9s vagy fizet\u00e9si k\u00e9sedelem<\/td><td style=\"padding: 12px;\">Pontos b\u00e9rleti d\u00edjfizet\u00e9s r\u00e9sz\u00fcnkr\u0151l \u2013 szerz\u0151d\u00e9sben garant\u00e1lt<\/td><\/tr><tr style=\"border: 1px solid #ddd;\"><td style=\"padding: 12px;\">Neh\u00e9z vagy hosszadalmas felmond\u00e1sok<\/td><td style=\"padding: 12px;\">Szil\u00e1rd kereskedelmi b\u00e9rleti szerz\u0151d\u00e9s egy\u00e9rtelm\u0171 szab\u00e1lyokkal \u2013 nincs mag\u00e1njogi vita<\/td><\/tr><tr style=\"border: 1px solid #ddd;\"><td style=\"padding: 12px;\">Kop\u00e1s vagy elhanyagol\u00e1s nem megfelel\u0151 haszn\u00e1lat miatt<\/td><td style=\"padding: 12px;\">Rendszeres ellen\u0151rz\u00e9s  \u00e9s karbantart\u00e1s r\u00f6vid t\u00e1v\u00fa vend\u00e9gek  ut\u00e1n<\/td><\/tr><tr style=\"border: 1px solid #ddd;\"><td style=\"padding: 12px;\">Szomsz\u00e9dokkal val\u00f3 konfliktus (pl. zaj, megb\u00edzhatatlan b\u00e9rl\u0151k)<\/td><td style=\"padding: 12px;\">Professzion\u00e1lis vend\u00e9gkezel\u00e9s, egy\u00e9rtelm\u0171 h\u00e1zirend, min\u0151s\u00e9g-ellen\u0151rz\u00e9s<\/td><\/tr><tr style=\"border: 1px solid #ddd;\"><td style=\"padding: 12px;\">\u00daj b\u00e9rbead\u00e1sok eset\u00e9n magas k\u00f6lts\u00e9gek<\/td><td style=\"padding: 12px;\">Hossz\u00fa t\u00e1v\u00fa egy\u00fcttm\u0171k\u00f6d\u00e9s \u2013 nincs \u00e1lland\u00f3 b\u00e9rl\u0151v\u00e1lt\u00e1s<\/td><\/tr><tr style=\"border: 1px solid #ddd;\"><td style=\"padding: 12px;\">Lehets\u00e9ges  k\u00e1rok a v\u00e9gleges kik\u00f6lt\u00f6z\u00e9skor (rezsi d\u00edjtartoz\u00e1s, t\u00f6nkrement t\u00e9rgyak, eszk\u00f6z\u00f6k.\nEsetleges kilakoltat\u00e1si   probl\u00e9m\u00e1k<\/td><td style=\"padding: 12px;\">Folyamatos karbantart\u00e1s, dokument\u00e1lt \u00e1tad\u00e1sok, \u00e1tl\u00e1that\u00f3 kommunik\u00e1ci\u00f3.\nA szerz\u0151d\u00e9sben szerepelt felmond\u00e1si hat\u00e1rid\u0151, megfelel\u0151 \u00e9s pontos betart\u00e1sa<\/td><\/tr><\/tbody><\/table><p><style>\n@media (max-width: 768px) {<br \/>\n  table {<br \/>\n    display: block;<br \/>\n    overflow-x: auto;<br \/>\n  }<br \/>\n  th, td {<br \/>\n    min-width: 120px;<br \/>\n    display: table-cell;<br \/>\n  }<br \/>\n  @media (max-width: 480px) {<br \/>\n    table, thead, tbody, th, td, tr {<br \/>\n      display: block;<br \/>\n    }<br \/>\n    tr {<br \/>\n      margin-bottom: 10px;<br \/>\n      border: 1px solid #ddd;<br \/>\n    }<br \/>\n    td {<br \/>\n      padding: 10px;<br \/>\n      text-align: left !important;<br \/>\n      border: none;<br \/>\n      position: relative;<br \/>\n    }<br \/>\n    td:before {<br \/>\n      content: attr(data-label);<br \/>\n      font-weight: bold;<br \/>\n      text-transform: uppercase;<br \/>\n      position: absolute;<br \/>\n      left: 10px;<br \/>\n    }<br \/>\n    td:nth-of-type(1):before { content: \"Problem\"; }<br \/>\n    td:nth-of-type(2):before { content: \"Vorteil\"; }<br \/>\n    thead {<br \/>\n      display: none;<br \/>\n    }<br \/>\n  }<br \/>\n}<br \/>\n<\/style><\/p>\t\t\t\t\t\t\t\t<\/div>\n\t\t\t\t\t<\/div>\n\t\t\t\t<\/div>\n\t\t<div class=\"elementor-element elementor-element-8f534c1 e-flex e-con-boxed e-con e-parent\" data-id=\"8f534c1\" data-element_type=\"container\">\n\t\t\t\t\t<div class=\"e-con-inner\">\n\t\t\t\t<div class=\"elementor-element elementor-element-518add7 elementor-widget elementor-widget-text-editor\" data-id=\"518add7\" data-element_type=\"widget\" data-widget_type=\"text-editor.default\">\n\t\t\t\t\t\t\t\t\t<h6 data-start=\"262\" data-end=\"319\">Kereskedelmi ingatlanok mint r\u00f6vid t\u00e1v\u00fa b\u00e9rbead\u00e1sra alkalmas lehet\u0151s\u00e9gek<\/h6><p data-start=\"321\" data-end=\"783\">Sok irodater\u00fclet, \u00fcgyv\u00e9di iroda vagy orvosi rendel\u0151 tulajdonos\u00e1nak egyre nehezebb b\u00e9rbe adni ingatlan\u00e1t. Ennek okai t\u00f6bbek k\u00f6z\u00f6tt a k\u00f6vetkez\u0151k: <strong data-start=\"470\" data-end=\"498\">a home office trendje<\/strong>, a <strong data-start=\"504\" data-end=\"544\">Szolg\u00e1ltat\u00e1sok digitaliz\u00e1l\u00e1sa<\/strong>, a <strong data-start=\"550\" data-end=\"597\">orvosi rendel\u0151k \u00e9s \u00fcgyv\u00e9di irod\u00e1k \u00f6sszevon\u00e1sa<\/strong> valamint <strong data-start=\"608\" data-end=\"697\">a jelenlegi gazdas\u00e1gi helyzetben az irodater\u00fcletek ir\u00e1nti visszafogott kereslet<\/strong>. Ennek k\u00f6vetkezt\u00e9ben egyre t\u00f6bb ipari ter\u00fclet \u00e1ll \u00fcresen \u2013 gyakran hosszabb ideig.<\/p><p data-start=\"785\" data-end=\"1283\">Az \u00fcresed\u00e9s ugyan nem vezet k\u00f6zvetlen\u00fcl az ingatlan \u00e9rt\u00e9kveszt\u00e9s\u00e9hez, azonban okozhat <strong data-start=\"877\" data-end=\"911\">folyamatos k\u00f6lts\u00e9gek bev\u00e9telek n\u00e9lk\u00fcl<\/strong> \u00e9s a piaci viszonyokhoz k\u00e9pest rontja az ingatlan vonzerej\u00e9t. Ezenk\u00edv\u00fcl az \u00fczleti szektorban az \u00faj b\u00e9rbead\u00e1s gyakran j\u00e1r <strong data-start=\"1038\" data-end=\"1090\">\u00e1talak\u00edt\u00e1si vagy kiigaz\u00edt\u00e1si int\u00e9zked\u00e9sekbe t\u00f6rt\u00e9n\u0151 beruh\u00e1z\u00e1sok<\/strong> ezzel j\u00e1r\u00f3 k\u00f6lts\u00e9geket, amelyeket \u00e1ltal\u00e1ban a tulajdonosnak kell viselnie. Ez azt jelenti, hogy m\u00e9g akkor is, ha \u00faj b\u00e9rl\u0151t tal\u00e1lnak, a tulajdonosnak el\u0151sz\u00f6r nem elhanyagolhat\u00f3 el\u0151zetes k\u00f6lts\u00e9gek mer\u00fclnek fel.<\/p><p data-start=\"1285\" data-end=\"1685\">Mi egy alternat\u00edv\u00e1t k\u00edn\u00e1lunk \u00d6nnek: ha hossz\u00fa t\u00e1v\u00fa b\u00e9rl\u0151k\u00e9nt vel\u00fcnk szerz\u0151dik, az al\u00e1bbi el\u0151ny\u00f6kben r\u00e9szes\u00fcl <strong data-start=\"1378\" data-end=\"1416\">megb\u00edzhat\u00f3, tervezhet\u0151 bev\u00e9telek<\/strong>, an\u00e9lk\u00fcl, hogy \u00fcresed\u00e9ssel, b\u00e9rl\u0151k toborz\u00e1s\u00e1val vagy k\u00f6lts\u00e9ges \u00faj b\u00e9rbead\u00e1sokkal kellene foglalkozniuk. Professzion\u00e1lis szerz\u0151d\u0151 f\u00e9lk\u00e9nt figyel\u00fcnk tov\u00e1bb\u00e1 a <strong data-start=\"1575\" data-end=\"1631\">az ingatlan megfelel\u0151 \u00e9s gondozott \u00e1llapota<\/strong>, mivel annak reprezentat\u00edvnak kell lennie vend\u00e9geink sz\u00e1m\u00e1ra.<\/p>\t\t\t\t\t\t\t\t<\/div>\n\t\t\t\t\t<\/div>\n\t\t\t\t<\/div>\n\t\t<div class=\"elementor-element elementor-element-a067d25 e-flex e-con-boxed e-con e-parent\" data-id=\"a067d25\" data-element_type=\"container\">\n\t\t\t\t\t<div class=\"e-con-inner\">\n\t\t\t\t<div class=\"elementor-element elementor-element-67c5c19 elementor-widget elementor-widget-text-editor\" data-id=\"67c5c19\" data-element_type=\"widget\" data-widget_type=\"text-editor.default\">\n\t\t\t\t\t\t\t\t\t<h6 data-start=\"1687\" data-end=\"1724\">Szem\u00e9lyes besz\u00e9lget\u00e9s k\u00edv\u00e1natos<\/h6><p data-start=\"1726\" data-end=\"2167\">Nem minden ingatlan alkalmas egyform\u00e1n <strong data-start=\"1804\" data-end=\"1826\">r\u00f6vid t\u00e1v\u00fa b\u00e9rbead\u00e1sra<\/strong>. Ez\u00e9rt szeretettel megh\u00edvjuk \u00d6nt, hogy vegye fel vel\u00fcnk a kapcsolatot. Egy szem\u00e9lyes besz\u00e9lget\u00e9s keret\u00e9ben k\u00f6z\u00f6sen megvizsg\u00e1ljuk ingatlan\u00e1nak alkalmass\u00e1g\u00e1t \u00e9s megbesz\u00e9lj\u00fck a lehets\u00e9ges egy\u00fcttm\u0171k\u00f6d\u00e9si modelleket. \u00cdgy olyan megold\u00e1st tal\u00e1lunk, amely optim\u00e1lisan figyelembe veszi mind az \u00d6n \u00e9rdekeit, mint tulajdonos, mind pedig a mi ig\u00e9nyeinket, mint \u00fczemeltet\u0151.<\/p>\t\t\t\t\t\t\t\t<\/div>\n\t\t\t\t\t<\/div>\n\t\t\t\t<\/div>\n\t\t\t\t<\/div>","protected":false},"excerpt":{"rendered":"<p>Wir suchen Immobilienbesitzer als Partner auf Augenh\u00f6he f\u00fcr die Kurzzeitvermietung Unser Gesch\u00e4ftsmodell basiert darauf, Wohnungen\/H\u00e4user und Gewerbeimmobilien langfristig anzumieten und diese anschlie\u00dfend professionell f\u00fcr die Kurzzeitvermietung zu betreiben. Daf\u00fcr sind wir stets auf der Suche nach geeigneten Objekten \u2013 von &hellip; <a href=\"https:\/\/nxt-stay.de\/hu\/partner-werden\/\">Read More<\/a><\/p>","protected":false},"author":2,"featured_media":0,"parent":0,"menu_order":0,"comment_status":"closed","ping_status":"closed","template":"","meta":{"footnotes":""},"class_list":["post-349","page","type-page","status-publish","hentry"],"_links":{"self":[{"href":"https:\/\/nxt-stay.de\/hu\/wp-json\/wp\/v2\/pages\/349","targetHints":{"allow":["GET"]}}],"collection":[{"href":"https:\/\/nxt-stay.de\/hu\/wp-json\/wp\/v2\/pages"}],"about":[{"href":"https:\/\/nxt-stay.de\/hu\/wp-json\/wp\/v2\/types\/page"}],"author":[{"embeddable":true,"href":"https:\/\/nxt-stay.de\/hu\/wp-json\/wp\/v2\/users\/2"}],"replies":[{"embeddable":true,"href":"https:\/\/nxt-stay.de\/hu\/wp-json\/wp\/v2\/comments?post=349"}],"version-history":[{"count":16,"href":"https:\/\/nxt-stay.de\/hu\/wp-json\/wp\/v2\/pages\/349\/revisions"}],"predecessor-version":[{"id":377,"href":"https:\/\/nxt-stay.de\/hu\/wp-json\/wp\/v2\/pages\/349\/revisions\/377"}],"wp:attachment":[{"href":"https:\/\/nxt-stay.de\/hu\/wp-json\/wp\/v2\/media?parent=349"}],"curies":[{"name":"wp","href":"https:\/\/api.w.org\/{rel}","templated":true}]}}