{"id":31,"date":"2022-02-17T23:13:39","date_gmt":"2022-02-18T07:13:39","guid":{"rendered":"https:\/\/import.bellevuetheme.com\/countryside2\/?page_id=3960"},"modified":"2025-11-11T16:32:47","modified_gmt":"2025-11-11T15:32:47","slug":"kontakt","status":"publish","type":"page","link":"https:\/\/nxt-stay.de\/hu\/pages\/kontakt\/","title":{"rendered":"Kapcsolat"},"content":{"rendered":"<div data-elementor-type=\"wp-page\" data-elementor-id=\"31\" class=\"elementor elementor-31\">\n\t\t\t\t<div class=\"elementor-element elementor-element-703c42e e-flex e-con-boxed e-con e-parent\" data-id=\"703c42e\" data-element_type=\"container\">\n\t\t\t\t\t<div class=\"e-con-inner\">\n\t\t\t\t<div class=\"elementor-element elementor-element-af922bc elementor-widget elementor-widget-spacer\" data-id=\"af922bc\" data-element_type=\"widget\" data-widget_type=\"spacer.default\">\n\t\t\t\t\t\t\t<div class=\"elementor-spacer\">\n\t\t\t<div class=\"elementor-spacer-inner\"><\/div>\n\t\t<\/div>\n\t\t\t\t\t\t<\/div>\n\t\t\t\t\t<\/div>\n\t\t\t\t<\/div>\n\t\t\t\t<section class=\"elementor-section elementor-top-section elementor-element elementor-element-29eda0ea elementor-section-full_width elementor-section-height-default elementor-section-height-default\" data-id=\"29eda0ea\" data-element_type=\"section\">\n\t\t\t\t\t\t<div class=\"elementor-container elementor-column-gap-default\">\n\t\t\t\t\t<div class=\"elementor-column elementor-col-50 elementor-top-column elementor-element elementor-element-7b0bf79d\" data-id=\"7b0bf79d\" data-element_type=\"column\" data-settings=\"{&quot;background_background&quot;:&quot;classic&quot;}\">\n\t\t\t<div class=\"elementor-widget-wrap elementor-element-populated\">\n\t\t\t\t\t\t<section class=\"elementor-section elementor-inner-section elementor-element elementor-element-2b5aab32 thmv-inner-container thmv-inner-right elementor-section-boxed elementor-section-height-default elementor-section-height-default\" data-id=\"2b5aab32\" data-element_type=\"section\">\n\t\t\t\t\t\t<div class=\"elementor-container elementor-column-gap-no\">\n\t\t\t\t\t<div class=\"elementor-column elementor-col-100 elementor-inner-column elementor-element elementor-element-12be8083 thmv-flex-right\" data-id=\"12be8083\" data-element_type=\"column\">\n\t\t\t<div class=\"elementor-widget-wrap elementor-element-populated\">\n\t\t\t\t\t\t<div class=\"elementor-element elementor-element-14055a7d elementor-view-default elementor-widget elementor-widget-themo-header\" data-id=\"14055a7d\" data-element_type=\"widget\" data-widget_type=\"themo-header.default\">\n\t\t\t\t<div class=\"elementor-widget-container\">\n\t\t\t\t\t\t\t<div class=\"th-header-wrap\">\n        <div class=\"elementor-icon-box-wrapper\">\n                            <div class=\"elementor-icon-box-content\">\n                    <h1 class=\"elementor-icon-box-title\">\n                        Kapcsolat                    <\/h1>\n                                        <p class=\"elementor-icon-box-description\">Ha szeretne b\u00e9relni egyik nyaral\u00f3inkat, k\u00e9rj\u00fck, t\u00f6ltse ki az al\u00e1bbi \u0171rlapot. Ingatlantulajdonosk\u00e9nt is felveheti vel\u00fcnk a kapcsolatot, ha szeretne megbesz\u00e9lni egy esetleges egy\u00fcttm\u0171k\u00f6d\u00e9st a r\u00f6vid t\u00e1v\u00fa b\u00e9rbead\u00e1s ter\u00fclet\u00e9n. V\u00e1rjuk \u00fczenet\u00e9t!<\/p>\n\n                                    <\/div>\n            <\/div>\n\n        <\/div>\n\n\t\t\t\t\t\t<\/div>\n\t\t\t\t<\/div>\n\t\t\t\t\t<\/div>\n\t\t<\/div>\n\t\t\t\t\t<\/div>\n\t\t<\/section>\n\t\t\t\t\t<\/div>\n\t\t<\/div>\n\t\t\t\t<div class=\"elementor-column elementor-col-50 elementor-top-column elementor-element elementor-element-46227bd9\" data-id=\"46227bd9\" data-element_type=\"column\" data-settings=\"{&quot;background_background&quot;:&quot;classic&quot;}\">\n\t\t\t<div class=\"elementor-widget-wrap elementor-element-populated\">\n\t\t\t\t\t\t\t<\/div>\n\t\t<\/div>\n\t\t\t\t\t<\/div>\n\t\t<\/section>\n\t\t\t\t<section class=\"elementor-section elementor-top-section elementor-element elementor-element-772290ff elementor-section-boxed elementor-section-height-default elementor-section-height-default\" data-id=\"772290ff\" data-element_type=\"section\">\n\t\t\t\t\t\t<div class=\"elementor-container elementor-column-gap-default\">\n\t\t\t\t\t<div class=\"elementor-column elementor-col-100 elementor-top-column elementor-element elementor-element-49ecbebe\" data-id=\"49ecbebe\" data-element_type=\"column\">\n\t\t\t<div class=\"elementor-widget-wrap elementor-element-populated\">\n\t\t\t\t\t\t<section class=\"elementor-section elementor-inner-section elementor-element elementor-element-2b9515c2 elementor-section-boxed elementor-section-height-default elementor-section-height-default\" data-id=\"2b9515c2\" data-element_type=\"section\">\n\t\t\t\t\t\t<div class=\"elementor-container elementor-column-gap-default\">\n\t\t\t\t\t<div class=\"elementor-column elementor-col-33 elementor-inner-column elementor-element elementor-element-5a18e7c6\" data-id=\"5a18e7c6\" data-element_type=\"column\">\n\t\t\t<div class=\"elementor-widget-wrap elementor-element-populated\">\n\t\t\t\t\t\t<div class=\"elementor-element elementor-element-4e14a7cd elementor-position-left elementor-view-default elementor-widget elementor-widget-themo-header\" data-id=\"4e14a7cd\" data-element_type=\"widget\" data-widget_type=\"themo-header.default\">\n\t\t\t\t<div class=\"elementor-widget-container\">\n\t\t\t\t\t\t\t<div class=\"th-header-wrap\">\n        <div class=\"elementor-icon-box-wrapper th-show-icon\">\n                            <div class=\"elementor-icon-box-icon th-icon-size-sm\">\n                    <span class=\"elementor-icon\">\n                        <svg aria-hidden=\"true\" class=\"e-font-icon-svg e-fas-mobile-alt\" viewbox=\"0 0 320 512\" xmlns=\"http:\/\/www.w3.org\/2000\/svg\"><path d=\"M272 0H48C21.5 0 0 21.5 0 48v416c0 26.5 21.5 48 48 48h224c26.5 0 48-21.5 48-48V48c0-26.5-21.5-48-48-48zM160 480c-17.7 0-32-14.3-32-32s14.3-32 32-32 32 14.3 32 32-14.3 32-32 32zm112-108c0 6.6-5.4 12-12 12H60c-6.6 0-12-5.4-12-12V60c0-6.6 5.4-12 12-12h200c6.6 0 12 5.4 12 12v312z\"><\/path><\/svg>                    <\/span>\n                <\/div>\n                                <div class=\"elementor-icon-box-content\">\n                    <h3 class=\"elementor-icon-box-title\">\n                        Telefonon                    <\/h3>\n                                        <p class=\"elementor-icon-box-description\">DE: +49 (152) 3373 4743 (J\u00fcrgen Nimis - DE, EN)\nHU: +36 (06) 30 495 7159 (Szab\u00f3 \u00c9va - HU)<\/p>\n\n                                    <\/div>\n            <\/div>\n\n        <\/div>\n\n\t\t\t\t\t\t<\/div>\n\t\t\t\t<\/div>\n\t\t\t\t\t<\/div>\n\t\t<\/div>\n\t\t\t\t<div class=\"elementor-column elementor-col-33 elementor-inner-column elementor-element elementor-element-350ae331\" data-id=\"350ae331\" data-element_type=\"column\">\n\t\t\t<div class=\"elementor-widget-wrap elementor-element-populated\">\n\t\t\t\t\t\t<div class=\"elementor-element elementor-element-3da12814 elementor-position-left elementor-view-default elementor-widget elementor-widget-themo-header\" data-id=\"3da12814\" data-element_type=\"widget\" data-widget_type=\"themo-header.default\">\n\t\t\t\t<div class=\"elementor-widget-container\">\n\t\t\t\t\t\t\t<div class=\"th-header-wrap\">\n        <div class=\"elementor-icon-box-wrapper th-show-icon\">\n                            <div class=\"elementor-icon-box-icon th-icon-size-sm\">\n                    <span class=\"elementor-icon\">\n                        <svg aria-hidden=\"true\" class=\"e-font-icon-svg e-fas-mail-bulk\" viewbox=\"0 0 576 512\" xmlns=\"http:\/\/www.w3.org\/2000\/svg\"><path d=\"M160 448c-25.6 0-51.2-22.4-64-32-64-44.8-83.2-60.8-96-70.4V480c0 17.67 14.33 32 32 32h256c17.67 0 32-14.33 32-32V345.6c-12.8 9.6-32 25.6-96 70.4-12.8 9.6-38.4 32-64 32zm128-192H32c-17.67 0-32 14.33-32 32v16c25.6 19.2 22.4 19.2 115.2 86.4 9.6 6.4 28.8 25.6 44.8 25.6s35.2-19.2 44.8-22.4c92.8-67.2 89.6-67.2 115.2-86.4V288c0-17.67-14.33-32-32-32zm256-96H224c-17.67 0-32 14.33-32 32v32h96c33.21 0 60.59 25.42 63.71 57.82l.29-.22V416h192c17.67 0 32-14.33 32-32V192c0-17.67-14.33-32-32-32zm-32 128h-64v-64h64v64zm-352-96c0-35.29 28.71-64 64-64h224V32c0-17.67-14.33-32-32-32H96C78.33 0 64 14.33 64 32v192h96v-32z\"><\/path><\/svg>                    <\/span>\n                <\/div>\n                                <div class=\"elementor-icon-box-content\">\n                    <h3 class=\"elementor-icon-box-title\">\n                        E-mailben                    <\/h3>\n                                        <p class=\"elementor-icon-box-description\">DE: info@nxt-stay.de\nHU: hu@nxt-stay.de<\/p>\n\n                                    <\/div>\n            <\/div>\n\n        <\/div>\n\n\t\t\t\t\t\t<\/div>\n\t\t\t\t<\/div>\n\t\t\t\t\t<\/div>\n\t\t<\/div>\n\t\t\t\t<div class=\"elementor-column elementor-col-33 elementor-inner-column elementor-element elementor-element-39d1ba1d\" data-id=\"39d1ba1d\" data-element_type=\"column\">\n\t\t\t<div class=\"elementor-widget-wrap elementor-element-populated\">\n\t\t\t\t\t\t<div class=\"elementor-element elementor-element-4517e28e elementor-position-left elementor-view-default elementor-widget elementor-widget-themo-header\" data-id=\"4517e28e\" data-element_type=\"widget\" data-widget_type=\"themo-header.default\">\n\t\t\t\t<div class=\"elementor-widget-container\">\n\t\t\t\t\t\t\t<div class=\"th-header-wrap\">\n        <div class=\"elementor-icon-box-wrapper th-show-icon\">\n                            <div class=\"elementor-icon-box-icon th-icon-size-sm\">\n                    <span class=\"elementor-icon\">\n                        <svg aria-hidden=\"true\" class=\"e-font-icon-svg e-fab-rocketchat\" viewbox=\"0 0 576 512\" xmlns=\"http:\/\/www.w3.org\/2000\/svg\"><path d=\"M284.046,224.8a34.114,34.114,0,1,0,34.317,34.113A34.217,34.217,0,0,0,284.046,224.8Zm-110.45,0a34.114,34.114,0,1,0,34.317,34.113A34.217,34.217,0,0,0,173.6,224.8Zm220.923,0a34.114,34.114,0,1,0,34.317,34.113A34.215,34.215,0,0,0,394.519,224.8Zm153.807-55.319c-15.535-24.172-37.31-45.57-64.681-63.618-52.886-34.817-122.374-54-195.666-54a405.975,405.975,0,0,0-72.032,6.357,238.524,238.524,0,0,0-49.51-36.588C99.684-11.7,40.859.711,11.135,11.421A14.291,14.291,0,0,0,5.58,34.782C26.542,56.458,61.222,99.3,52.7,138.252c-33.142,33.9-51.112,74.776-51.112,117.337,0,43.372,17.97,84.248,51.112,118.148,8.526,38.956-26.154,81.816-47.116,103.491a14.284,14.284,0,0,0,5.555,23.34c29.724,10.709,88.549,23.147,155.324-10.2a238.679,238.679,0,0,0,49.51-36.589A405.972,405.972,0,0,0,288,460.14c73.313,0,142.8-19.159,195.667-53.975,27.371-18.049,49.145-39.426,64.679-63.619,17.309-26.923,26.07-55.916,26.07-86.125C574.394,225.4,565.634,196.43,548.326,169.485ZM284.987,409.9a345.65,345.65,0,0,1-89.446-11.5l-20.129,19.393a184.366,184.366,0,0,1-37.138,27.585,145.767,145.767,0,0,1-52.522,14.87c.983-1.771,1.881-3.563,2.842-5.356q30.258-55.68,16.325-100.078c-32.992-25.962-52.778-59.2-52.778-95.4,0-83.1,104.254-150.469,232.846-150.469s232.867,67.373,232.867,150.469C517.854,342.525,413.6,409.9,284.987,409.9Z\"><\/path><\/svg>                    <\/span>\n                <\/div>\n                                <div class=\"elementor-icon-box-content\">\n                    <h3 class=\"elementor-icon-box-title\">\n                        Cseveg\u00e9sen kereszt\u00fcl                    <\/h3>\n                                        <p class=\"elementor-icon-box-description\">Hamarosan lehets\u00e9ges?<\/p>\n\n                                    <\/div>\n            <\/div>\n\n        <\/div>\n\n\t\t\t\t\t\t<\/div>\n\t\t\t\t<\/div>\n\t\t\t\t\t<\/div>\n\t\t<\/div>\n\t\t\t\t\t<\/div>\n\t\t<\/section>\n\t\t\t\t\t<\/div>\n\t\t<\/div>\n\t\t\t\t\t<\/div>\n\t\t<\/section>\n\t\t\t\t<section class=\"elementor-section elementor-top-section elementor-element elementor-element-4cf4d285 elementor-section-full_width elementor-section-height-default elementor-section-height-default\" data-id=\"4cf4d285\" data-element_type=\"section\">\n\t\t\t\t\t\t<div class=\"elementor-container elementor-column-gap-default\">\n\t\t\t\t\t<div class=\"elementor-column elementor-col-50 elementor-top-column elementor-element elementor-element-47d328f9\" data-id=\"47d328f9\" data-element_type=\"column\">\n\t\t\t<div class=\"elementor-widget-wrap elementor-element-populated\">\n\t\t\t\t\t\t<section class=\"elementor-section elementor-inner-section elementor-element elementor-element-3bdb5182 thmv-inner-container thmv-inner-right elementor-section-boxed elementor-section-height-default elementor-section-height-default\" data-id=\"3bdb5182\" data-element_type=\"section\">\n\t\t\t\t\t\t<div class=\"elementor-container elementor-column-gap-no\">\n\t\t\t\t\t<div class=\"elementor-column elementor-col-100 elementor-inner-column elementor-element elementor-element-636ce04c\" data-id=\"636ce04c\" data-element_type=\"column\">\n\t\t\t<div class=\"elementor-widget-wrap elementor-element-populated\">\n\t\t\t\t\t\t<div class=\"elementor-element elementor-element-53af8e44 elementor-view-default elementor-position-top elementor-widget elementor-widget-themo-header\" data-id=\"53af8e44\" data-element_type=\"widget\" data-widget_type=\"themo-header.default\">\n\t\t\t\t<div class=\"elementor-widget-container\">\n\t\t\t\t\t\t\t<div class=\"th-header-wrap\">\n        <div class=\"elementor-icon-box-wrapper\">\n                            <div class=\"elementor-icon-box-content\">\n                    <h4 class=\"elementor-icon-box-title\">\n                        V\u00e1rjuk \u00fczenet\u00e9t!                    <\/h4>\n                                        <p class=\"elementor-icon-box-description\"><\/p>\n\n                                    <\/div>\n            <\/div>\n\n        <\/div>\n\n\t\t\t\t\t\t<\/div>\n\t\t\t\t<\/div>\n\t\t\t\t<div class=\"elementor-element elementor-element-618cd5fe elementor-view-default elementor-widget elementor-widget-themo-header\" data-id=\"618cd5fe\" data-element_type=\"widget\" data-widget_type=\"themo-header.default\">\n\t\t\t\t<div class=\"elementor-widget-container\">\n\t\t\t\t\t\t\t<div class=\"th-header-wrap\">\n        <div class=\"elementor-icon-box-wrapper\">\n                            <div class=\"elementor-icon-box-content\">\n                    <h3 class=\"elementor-icon-box-title\">\n                        K\u00e9rd\u00e9se van?                    <\/h3>\n                                        <p class=\"elementor-icon-box-description\">\u00cdr\u00e1sban az egyik fenti e-mail c\u00edmen vagy a kapcsolatfelv\u00e9teli \u0171rlapon kereszt\u00fcl \u00e9rhet el minket:<\/p>\n\n                                    <\/div>\n            <\/div>\n\n        <\/div>\n\n\t\t\t\t\t\t<\/div>\n\t\t\t\t<\/div>\n\t\t\t\t\t<\/div>\n\t\t<\/div>\n\t\t\t\t\t<\/div>\n\t\t<\/section>\n\t\t\t\t\t<\/div>\n\t\t<\/div>\n\t\t\t\t<div class=\"elementor-column elementor-col-50 elementor-top-column elementor-element elementor-element-5e8fbad2\" data-id=\"5e8fbad2\" data-element_type=\"column\">\n\t\t\t<div class=\"elementor-widget-wrap elementor-element-populated\">\n\t\t\t\t\t<div class=\"elementor-background-overlay\"><\/div>\n\t\t\t\t\t\t<section class=\"elementor-section elementor-inner-section elementor-element elementor-element-47471f59 elementor-section-full_width thmv-inner-container thmv-inner-left elementor-section-height-default elementor-section-height-default\" data-id=\"47471f59\" data-element_type=\"section\">\n\t\t\t\t\t\t<div class=\"elementor-container elementor-column-gap-no\">\n\t\t\t\t\t<div class=\"elementor-column elementor-col-100 elementor-inner-column elementor-element elementor-element-6fcd1beb\" data-id=\"6fcd1beb\" data-element_type=\"column\" data-settings=\"{&quot;background_background&quot;:&quot;classic&quot;}\">\n\t\t\t<div class=\"elementor-widget-wrap elementor-element-populated\">\n\t\t\t\t\t\t<div class=\"elementor-element elementor-element-5a418913 elementor-widget-tablet__width-inherit elementor-widget-mobile__width-inherit elementor-widget elementor-widget-heading\" data-id=\"5a418913\" data-element_type=\"widget\" data-widget_type=\"heading.default\">\n\t\t\t\t\t<h2 class=\"elementor-heading-title elementor-size-default\">K\u00e9r\u00e9s elk\u00fcld\u00e9se<\/h2>\t\t\t\t<\/div>\n\t\t\t\t<div class=\"elementor-element elementor-element-1f079cb0 elementor-widget-tablet__width-inherit elementor-widget-mobile__width-inherit elementor-widget elementor-widget-text-editor\" data-id=\"1f079cb0\" data-element_type=\"widget\" data-widget_type=\"text-editor.default\">\n\t\t\t\t\t\t\t\t\t<p>Ha nyaral\u00f3t vagy partnerkapcsolatot keres, akkor itt j\u00f3 helyen j\u00e1r!<\/p>\t\t\t\t\t\t\t\t<\/div>\n\t\t\t\t<div class=\"elementor-element elementor-element-5c6bae9 elementor-widget elementor-widget-themo-formidable-form\" data-id=\"5c6bae9\" data-element_type=\"widget\" data-widget_type=\"themo-formidable-form.default\">\n\t\t\t\t<div class=\"elementor-widget-container\">\n\t\t\t\t\t            <div class=\"th-fo-form  th-centered th-form-default  th-btn-form btn-standard-light-form\"><div class=\"frm_forms  with_frm_style frm_style_formidable-style\" id=\"frm_form_7_container\" >\n<form enctype=\"multipart\/form-data\" method=\"post\" class=\"frm-show-form\" id=\"form_contact2\" action=\"\" >\n<div class=\"frm_form_fields\">\n<fieldset>\n\r\n<div class=\"frm_fields_container\">\n<input type=\"hidden\" name=\"frm_action\" value=\"create\" \/>\n<input type=\"hidden\" name=\"form_id\" value=\"7\" \/>\n<input type=\"hidden\" name=\"frm_hide_fields_7\" id=\"frm_hide_fields_7\" value=\"\" \/>\n<input type=\"hidden\" name=\"form_key\" value=\"contact2\" \/>\n<input type=\"hidden\" name=\"item_meta[0]\" value=\"\" \/>\n<input type=\"hidden\" id=\"frm_submit_entry_7\" name=\"frm_submit_entry_7\" value=\"392f15b82c\" \/><input type=\"hidden\" name=\"_wp_http_referer\" value=\"\/hu\/wp-json\/wp\/v2\/pages\/31\" \/><div id=\"frm_field_22_container\" class=\"frm_form_field form-field  frm_required_field frm_none_container frm_full\">\r\n    <label for=\"field_r3pr0d\" class=\"frm_primary_label\">N\u00e9v\r\n        <span class=\"frm_required\">*<\/span>\r\n    <\/label>\r\n    <input type=\"text\" id=\"field_r3pr0d\" name=\"item_meta[22]\" value=\"\"  placeholder=\"N\u00e9v\" data-reqmsg=\"Name cannot be blank.\" aria-required=\"true\" data-invmsg=\"Name is invalid\" aria-invalid=\"false\"  \/>\r\n    \r\n    \r\n<\/div>\n<div id=\"frm_field_23_container\" class=\"frm_form_field form-field  frm_required_field frm_none_container frm_full\">\r\n    <label for=\"field_29yf4d22\" class=\"frm_primary_label\">E-Mail\r\n        <span class=\"frm_required\">*<\/span>\r\n    <\/label>\r\n    <input type=\"text\" id=\"field_29yf4d22\" name=\"item_meta[23]\" value=\"\"  placeholder=\"E-mail\" data-reqmsg=\"E-Mail cannot be blank.\" aria-required=\"true\" data-invmsg=\"E-Mail is invalid\" aria-invalid=\"false\"  \/>\r\n    \r\n    \r\n<\/div>\n<div id=\"frm_field_24_container\" class=\"frm_form_field form-field  frm_required_field frm_none_container frm_full\">\r\n    <label for=\"field_9jv0r122\" class=\"frm_primary_label\">\u00dczenet\r\n        <span class=\"frm_required\">*<\/span>\r\n    <\/label>\r\n    <textarea name=\"item_meta[24]\" id=\"field_9jv0r122\" rows=\"5\"  placeholder=\"\u00dczenet\" data-reqmsg=\"Message cannot be blank.\" aria-required=\"true\" data-invmsg=\"Message is invalid\" aria-invalid=\"false\"  ><\/textarea>\r\n    \r\n    \r\n<\/div>\n<div id=\"frm_field_51_container\" class=\"frm_form_field form-field\">\n\t<div class=\"frm_submit\">\r\n\r\n<input type=\"submit\" value=\"K\u00fcld\u00e9s\"  \/>\r\n<img decoding=\"async\" class=\"frm_ajax_loading\" src=\"https:\/\/nxt-stay.de\/wp-content\/plugins\/formidable\/images\/ajax_loader.gif\" alt=\"Sending\" style=\"visibility:hidden;\" \/>\r\n\r\n<\/div>\n<\/div>\n\t<input type=\"hidden\" name=\"item_key\" value=\"\" \/>\n\t\t\t<div id=\"frm_field_55_container\">\n\t\t\t<label for=\"field_9j6d5\" >\n\t\t\t\tIf you are human, leave this field blank.\t\t\t<\/label>\n\t\t\t<input  id=\"field_9j6d5\" type=\"text\" class=\"frm_form_field form-field frm_verify\" name=\"item_meta[55]\" value=\"\"  \/>\n\t\t<\/div>\n\t\t<input name=\"frm_state\" type=\"hidden\" value=\"D\/ySBQ8DZzIbw7OEYzmLy2Apq08i2uSYUlmGaegkufU=\" \/><\/div>\n<\/fieldset>\n<\/div>\n\n<input type=\"hidden\" name=\"trp-form-language\" value=\"hu\"\/><\/form>\n<\/div>\n<\/div>\n            \t\t\t\t<\/div>\n\t\t\t\t<\/div>\n\t\t\t\t\t<\/div>\n\t\t<\/div>\n\t\t\t\t\t<\/div>\n\t\t<\/section>\n\t\t\t\t\t<\/div>\n\t\t<\/div>\n\t\t\t\t\t<\/div>\n\t\t<\/section>\n\t\t\t\t<\/div>","protected":false},"excerpt":{"rendered":"<p>Kontakt Wenn Sie Interesse an der Anmietung einer unserer Ferienwohnungen haben, nutzen Sie bitte das untenstehende Formular. Auch als Immobilienbesitzer k\u00f6nnen Sie uns hier erreichen, wenn Sie \u00fcber eine m\u00f6gliche Zusammenarbeit im Bereich Kurzzeitvermietung sprechen m\u00f6chten. Wir freuen uns auf &hellip; <a href=\"https:\/\/nxt-stay.de\/hu\/pages\/kontakt\/\">Read More<\/a><\/p>","protected":false},"author":2,"featured_media":0,"parent":52,"menu_order":0,"comment_status":"closed","ping_status":"closed","template":"","meta":{"footnotes":""},"class_list":["post-31","page","type-page","status-publish","hentry"],"_links":{"self":[{"href":"https:\/\/nxt-stay.de\/hu\/wp-json\/wp\/v2\/pages\/31","targetHints":{"allow":["GET"]}}],"collection":[{"href":"https:\/\/nxt-stay.de\/hu\/wp-json\/wp\/v2\/pages"}],"about":[{"href":"https:\/\/nxt-stay.de\/hu\/wp-json\/wp\/v2\/types\/page"}],"author":[{"embeddable":true,"href":"https:\/\/nxt-stay.de\/hu\/wp-json\/wp\/v2\/users\/2"}],"replies":[{"embeddable":true,"href":"https:\/\/nxt-stay.de\/hu\/wp-json\/wp\/v2\/comments?post=31"}],"version-history":[{"count":20,"href":"https:\/\/nxt-stay.de\/hu\/wp-json\/wp\/v2\/pages\/31\/revisions"}],"predecessor-version":[{"id":662,"href":"https:\/\/nxt-stay.de\/hu\/wp-json\/wp\/v2\/pages\/31\/revisions\/662"}],"up":[{"embeddable":true,"href":"https:\/\/nxt-stay.de\/hu\/wp-json\/wp\/v2\/pages\/52"}],"wp:attachment":[{"href":"https:\/\/nxt-stay.de\/hu\/wp-json\/wp\/v2\/media?parent=31"}],"curies":[{"name":"wp","href":"https:\/\/api.w.org\/{rel}","templated":true}]}}